{"id":14,"date":"2024-02-29T15:07:01","date_gmt":"2024-02-29T15:07:01","guid":{"rendered":"http:\/\/icada-gmbh.info\/?page_id=14"},"modified":"2025-02-25T09:02:16","modified_gmt":"2025-02-25T09:02:16","slug":"branchen-service-kosmetik","status":"publish","type":"page","link":"https:\/\/icada-gmbh.info\/","title":{"rendered":"Branchen Service Kosmetik"},"content":{"rendered":"\n<div class=\"wp-block-group alignfull has-background-background-color has-background is-layout-constrained wp-block-group-is-layout-constrained\" style=\"padding-top:100px;padding-bottom:100px\"><div class=\"wp-block-group__inner-container\">\n<div class=\"wp-block-columns alignwide is-layout-flex wp-container-core-columns-layout-1 wp-block-columns-is-layout-flex\">\n<div class=\"wp-block-column is-vertically-aligned-center is-layout-flow wp-block-column-is-layout-flow\">\n<p class=\"has-text-align-center\">unbegrenzter Service-Umfang <br>man bezahlt nur f\u00fcr das, was man bekommt<br>keine j\u00e4hrlichen Vereinsgeb\u00fchren<\/p>\n\n\n\n<p class=\"has-text-align-center has-white-color has-text-color has-link-color has-large-font-size wp-elements-6787d05369f1e92530a14df6f84f2b9e\"><strong>f\u00fcr <em>Start Up, KMU + globale Playe<\/em>r und Investoren<\/strong><\/p>\n\n\n\n<p class=\"has-text-align-center has-white-color has-accent-background-color has-text-color has-background has-link-color has-medium-font-size wp-elements-a62ef465b9f2806929df50f2a725e744\"><strong>Die Cosmetic Business Alliance UG (haftungsbeschr\u00e4nkt)  <\/strong><\/p>\n\n\n\n<div class=\"wp-block-group is-layout-constrained wp-block-group-is-layout-constrained\"><div class=\"wp-block-group__inner-container\">\n<ol>\n<li>Lobby: vertritt Interessen von KMU (kleine und mittelst\u00e4ndigen Kosmetikunternehmen) durch fachkompetente Interessensvertretung  weltweit in allen Anliegen nicht allein auf juristische Fragen beschr\u00e4nkt bei Beh\u00f6rden, Ministerien, EU Kommission, SCCS, Fachgesellschaften, Branchenverb\u00e4nden<\/li>\n\n\n\n<li>Informations-Service: informiert laufend aktuell und ber\u00e4t in allen Fach- und Rechtsfragen der Kosmetik-Branche: Gesetze, Wissenschaft, wirtschaftliche Fragen, <\/li>\n\n\n\n<li>Wirtschaftlichkeit: hilft Kosten + Aufwand sparen<\/li>\n\n\n\n<li>leistet Unterst\u00fctzung beim Marketing, Verkauf, Kooperationen, Partnersuche, Gutachten, geeigneter Marktpositionierung, Qualit\u00e4ts-Label, Zertifizierungen, Messeauftritten, Seminare, KI-Einsatz, Webseiten- + Metaverse-Auftritten<\/li>\n\n\n\n<li>Fachberatung: hilft bei Wirkstoff-Recherchen, Produkt-Konzepten, Produktentwicklung, Stabilit\u00e4ts-Tests, Forschung, Innovationen, Produktion, Kleinmengen-Einkauf (Rohstoffe, Bulkware, abgef\u00fcllte Produkte, Verpackungen&#8230;), Wirknachweise, Kalkulationen, Anwendungen\/Applikationen, Sicherheitsbewertung, Produkt Informations Datei (PID nach KVO), CPNP-Meldungen<\/li>\n\n\n\n<li>Fragen-Service: Sie &#8211; haben eine Frage oder Probleme, wir kennen jemanden mit der Antwort + L\u00f6sung<\/li>\n\n\n\n<li>Tagungen, Schwerpunkt-Seminare, Firmen-Veranstaltungen<\/li>\n\n\n\n<li>Zertifizierungen, Lizenzgeb\u00fchren-freie Label sparen Kosten (Naturkosmetik, Clean Beauty, Institut exklusiv, Wirkkosmetik, Naildesign CSR&#8230;)<\/li>\n\n\n\n<li>Gemeinsame Branchen-Plattform: Austausch unter Branchenteilnehmern, Partner finden, Lieferquellen, Berater finden, Jobb\u00f6rse..<\/li>\n\n\n\n<li>Umfassender Start Up-Service bei jedem Schritt bis zum Erfolg im Markt: nicht theoretisch vom Schreibtisch, sondern aus pers\u00f6nlicher Erfahrung in eigener Firma: Kosten, Zeit und Aufwand sparen<\/li>\n<\/ol>\n<\/div><\/div>\n\n\n\n<p class=\"has-text-align-center\"><\/p>\n\n\n\n<p class=\"has-text-align-center has-very-light-gray-background-color has-background has-medium-font-size\"><\/p>\n\n\n\n<p class=\"has-text-align-center animated animated-fadeInUp has-white-color has-text-color has-normal-font-size\"><\/p>\n<\/div>\n<\/div>\n<\/div><\/div>\n","protected":false},"excerpt":{"rendered":"<p>unbegrenzter Service-Umfang man bezahlt nur f\u00fcr das, was man bekommtkeine j\u00e4hrlichen Vereinsgeb\u00fchren f\u00fcr Start Up, KMU + globale Player und Investoren Die Cosmetic Business Alliance UG (haftungsbeschr\u00e4nkt)<\/p>\n","protected":false},"author":1,"featured_media":0,"parent":0,"menu_order":0,"comment_status":"closed","ping_status":"closed","template":"","meta":{"footnotes":""},"yoast_head":"<!-- This site is optimized with the Yoast SEO plugin v22.2 - https:\/\/yoast.com\/wordpress\/plugins\/seo\/ -->\n<title>Branchen Service Kosmetik - Komplett Service aus einer Hand - Ihre Probleml\u00f6sung startet bei uns<\/title>\n<meta name=\"description\" content=\"ICADA BDIH IKW KVO VCP KVO Kosmetikverordnung Beauty Naturkosmetik Label Biofach\" \/>\n<meta name=\"robots\" content=\"index, follow, max-snippet:-1, max-image-preview:large, max-video-preview:-1\" \/>\n<link rel=\"canonical\" href=\"https:\/\/icada-gmbh.info\/\" \/>\n<meta property=\"og:locale\" content=\"de_DE\" \/>\n<meta property=\"og:type\" content=\"article\" \/>\n<meta property=\"og:title\" content=\"Branchen Service Kosmetik - Komplett Service aus einer Hand - Ihre Probleml\u00f6sung startet bei uns\" \/>\n<meta property=\"og:description\" content=\"ICADA BDIH IKW KVO VCP KVO Kosmetikverordnung Beauty Naturkosmetik Label Biofach\" \/>\n<meta property=\"og:url\" content=\"https:\/\/icada-gmbh.info\/\" \/>\n<meta property=\"og:site_name\" content=\"Komplett Service aus einer Hand - Ihre Probleml\u00f6sung startet bei uns\" \/>\n<meta property=\"article:modified_time\" content=\"2025-02-25T09:02:16+00:00\" \/>\n<meta name=\"twitter:card\" content=\"summary_large_image\" \/>\n<meta name=\"twitter:label1\" content=\"Gesch\u00e4tzte Lesezeit\" \/>\n\t<meta name=\"twitter:data1\" content=\"2 Minuten\" \/>\n<script type=\"application\/ld+json\" class=\"yoast-schema-graph\">{\"@context\":\"https:\/\/schema.org\",\"@graph\":[{\"@type\":\"WebPage\",\"@id\":\"https:\/\/icada-gmbh.info\/\",\"url\":\"https:\/\/icada-gmbh.info\/\",\"name\":\"Branchen Service Kosmetik - Komplett Service aus einer Hand - Ihre Probleml\u00f6sung startet bei uns\",\"isPartOf\":{\"@id\":\"https:\/\/icada-gmbh.info\/#website\"},\"datePublished\":\"2024-02-29T15:07:01+00:00\",\"dateModified\":\"2025-02-25T09:02:16+00:00\",\"description\":\"ICADA BDIH IKW KVO VCP KVO Kosmetikverordnung Beauty Naturkosmetik Label Biofach\",\"breadcrumb\":{\"@id\":\"https:\/\/icada-gmbh.info\/#breadcrumb\"},\"inLanguage\":\"de-DE\",\"potentialAction\":[{\"@type\":\"ReadAction\",\"target\":[\"https:\/\/icada-gmbh.info\/\"]}]},{\"@type\":\"BreadcrumbList\",\"@id\":\"https:\/\/icada-gmbh.info\/#breadcrumb\",\"itemListElement\":[{\"@type\":\"ListItem\",\"position\":1,\"name\":\"Startseite\",\"item\":\"https:\/\/icada-gmbh.info\/\"},{\"@type\":\"ListItem\",\"position\":2,\"name\":\"Branchen Service Kosmetik\"}]},{\"@type\":\"WebSite\",\"@id\":\"https:\/\/icada-gmbh.info\/#website\",\"url\":\"https:\/\/icada-gmbh.info\/\",\"name\":\"International Cosmetics and Detergents Alliance\",\"description\":\"Geld sparen und vielleicht noch mehr Service bekommen als bei bekannten Verb\u00e4nden\",\"publisher\":{\"@id\":\"https:\/\/icada-gmbh.info\/#organization\"},\"alternateName\":\"ICADA\",\"potentialAction\":[{\"@type\":\"SearchAction\",\"target\":{\"@type\":\"EntryPoint\",\"urlTemplate\":\"https:\/\/icada-gmbh.info\/?s={search_term_string}\"},\"query-input\":\"required name=search_term_string\"}],\"inLanguage\":\"de-DE\"},{\"@type\":\"Organization\",\"@id\":\"https:\/\/icada-gmbh.info\/#organization\",\"name\":\"International Cosmetics and Detergents Alliance\",\"alternateName\":\"ICADA\",\"url\":\"https:\/\/icada-gmbh.info\/\",\"logo\":{\"@type\":\"ImageObject\",\"inLanguage\":\"de-DE\",\"@id\":\"https:\/\/icada-gmbh.info\/#\/schema\/logo\/image\/\",\"url\":\"https:\/\/i0.wp.com\/icada-gmbh.info\/wp-content\/uploads\/2025\/07\/cropped-final.png?fit=256%2C256&ssl=1\",\"contentUrl\":\"https:\/\/i0.wp.com\/icada-gmbh.info\/wp-content\/uploads\/2025\/07\/cropped-final.png?fit=256%2C256&ssl=1\",\"width\":256,\"height\":256,\"caption\":\"International Cosmetics and Detergents Alliance\"},\"image\":{\"@id\":\"https:\/\/icada-gmbh.info\/#\/schema\/logo\/image\/\"}}]}<\/script>\n<!-- \/ Yoast SEO plugin. -->","yoast_head_json":{"title":"Branchen Service Kosmetik - Komplett Service aus einer Hand - Ihre Probleml\u00f6sung startet bei uns","description":"ICADA BDIH IKW KVO VCP KVO Kosmetikverordnung Beauty Naturkosmetik Label Biofach","robots":{"index":"index","follow":"follow","max-snippet":"max-snippet:-1","max-image-preview":"max-image-preview:large","max-video-preview":"max-video-preview:-1"},"canonical":"https:\/\/icada-gmbh.info\/","og_locale":"de_DE","og_type":"article","og_title":"Branchen Service Kosmetik - Komplett Service aus einer Hand - Ihre Probleml\u00f6sung startet bei uns","og_description":"ICADA BDIH IKW KVO VCP KVO Kosmetikverordnung Beauty Naturkosmetik Label Biofach","og_url":"https:\/\/icada-gmbh.info\/","og_site_name":"Komplett Service aus einer Hand - Ihre Probleml\u00f6sung startet bei uns","article_modified_time":"2025-02-25T09:02:16+00:00","twitter_card":"summary_large_image","twitter_misc":{"Gesch\u00e4tzte Lesezeit":"2 Minuten"},"schema":{"@context":"https:\/\/schema.org","@graph":[{"@type":"WebPage","@id":"https:\/\/icada-gmbh.info\/","url":"https:\/\/icada-gmbh.info\/","name":"Branchen Service Kosmetik - Komplett Service aus einer Hand - Ihre Probleml\u00f6sung startet bei uns","isPartOf":{"@id":"https:\/\/icada-gmbh.info\/#website"},"datePublished":"2024-02-29T15:07:01+00:00","dateModified":"2025-02-25T09:02:16+00:00","description":"ICADA BDIH IKW KVO VCP KVO Kosmetikverordnung Beauty Naturkosmetik Label Biofach","breadcrumb":{"@id":"https:\/\/icada-gmbh.info\/#breadcrumb"},"inLanguage":"de-DE","potentialAction":[{"@type":"ReadAction","target":["https:\/\/icada-gmbh.info\/"]}]},{"@type":"BreadcrumbList","@id":"https:\/\/icada-gmbh.info\/#breadcrumb","itemListElement":[{"@type":"ListItem","position":1,"name":"Startseite","item":"https:\/\/icada-gmbh.info\/"},{"@type":"ListItem","position":2,"name":"Branchen Service Kosmetik"}]},{"@type":"WebSite","@id":"https:\/\/icada-gmbh.info\/#website","url":"https:\/\/icada-gmbh.info\/","name":"International Cosmetics and Detergents Alliance","description":"Geld sparen und vielleicht noch mehr Service bekommen als bei bekannten Verb\u00e4nden","publisher":{"@id":"https:\/\/icada-gmbh.info\/#organization"},"alternateName":"ICADA","potentialAction":[{"@type":"SearchAction","target":{"@type":"EntryPoint","urlTemplate":"https:\/\/icada-gmbh.info\/?s={search_term_string}"},"query-input":"required name=search_term_string"}],"inLanguage":"de-DE"},{"@type":"Organization","@id":"https:\/\/icada-gmbh.info\/#organization","name":"International Cosmetics and Detergents Alliance","alternateName":"ICADA","url":"https:\/\/icada-gmbh.info\/","logo":{"@type":"ImageObject","inLanguage":"de-DE","@id":"https:\/\/icada-gmbh.info\/#\/schema\/logo\/image\/","url":"https:\/\/i0.wp.com\/icada-gmbh.info\/wp-content\/uploads\/2025\/07\/cropped-final.png?fit=256%2C256&ssl=1","contentUrl":"https:\/\/i0.wp.com\/icada-gmbh.info\/wp-content\/uploads\/2025\/07\/cropped-final.png?fit=256%2C256&ssl=1","width":256,"height":256,"caption":"International Cosmetics and Detergents Alliance"},"image":{"@id":"https:\/\/icada-gmbh.info\/#\/schema\/logo\/image\/"}}]}},"jetpack_sharing_enabled":true,"_links":{"self":[{"href":"https:\/\/icada-gmbh.info\/index.php?rest_route=\/wp\/v2\/pages\/14"}],"collection":[{"href":"https:\/\/icada-gmbh.info\/index.php?rest_route=\/wp\/v2\/pages"}],"about":[{"href":"https:\/\/icada-gmbh.info\/index.php?rest_route=\/wp\/v2\/types\/page"}],"author":[{"embeddable":true,"href":"https:\/\/icada-gmbh.info\/index.php?rest_route=\/wp\/v2\/users\/1"}],"replies":[{"embeddable":true,"href":"https:\/\/icada-gmbh.info\/index.php?rest_route=%2Fwp%2Fv2%2Fcomments&post=14"}],"version-history":[{"count":59,"href":"https:\/\/icada-gmbh.info\/index.php?rest_route=\/wp\/v2\/pages\/14\/revisions"}],"predecessor-version":[{"id":582,"href":"https:\/\/icada-gmbh.info\/index.php?rest_route=\/wp\/v2\/pages\/14\/revisions\/582"}],"wp:attachment":[{"href":"https:\/\/icada-gmbh.info\/index.php?rest_route=%2Fwp%2Fv2%2Fmedia&parent=14"}],"curies":[{"name":"wp","href":"https:\/\/api.w.org\/{rel}","templated":true}]}}