{"id":279,"date":"2024-03-17T14:06:37","date_gmt":"2024-03-17T14:06:37","guid":{"rendered":"https:\/\/icada-gmbh.info\/?page_id=279"},"modified":"2024-03-19T16:49:12","modified_gmt":"2024-03-19T16:49:12","slug":"allergen-deklaration-neu","status":"publish","type":"page","link":"https:\/\/icada-gmbh.info\/?page_id=279","title":{"rendered":"Allergen Deklaration neu"},"content":{"rendered":"\n<p>Die folgenden 56 Allergene sind im Rahmen der INCI-Deklaration zus\u00e4tzlich zu den bereits 25+1 Allergenen bei \u00dcberschreiten der Grenzen von<\/p>\n\n\n\n<ul>\n<li>0,001 % in leave-on products<\/li>\n\n\n\n<li>0,01 % in rinse-off products.<\/li>\n<\/ul>\n\n\n\n<p>zu deklarieren:<\/p>\n\n\n\n<ul>\n<li>Pinus Mugo<\/li>\n\n\n\n<li>Pinus Pumila<\/li>\n\n\n\n<li>Cedrus Atlantica Oil\/Extract<\/li>\n\n\n\n<li>Turpentine<\/li>\n\n\n\n<li>Alpha-Terpinene<\/li>\n\n\n\n<li>Terpinolene<\/li>\n\n\n\n<li>Myroxylon Pereirae Oil\/Extract<\/li>\n\n\n\n<li>Rose Ketones<\/li>\n\n\n\n<li>3-Propylidenephthalide<\/li>\n\n\n\n<li>Lippia citriodora absolute<\/li>\n\n\n\n<li>Methyl Salicylate<\/li>\n\n\n\n<li>Acetyl Cedrene<\/li>\n\n\n\n<li>Amyl Salicylate<\/li>\n\n\n\n<li>Anethole<\/li>\n\n\n\n<li>Benzaldehyde<\/li>\n\n\n\n<li>Camphor<\/li>\n\n\n\n<li>Beta-Caryophyllene<\/li>\n\n\n\n<li>Carvone<\/li>\n\n\n\n<li>Dimethyl Phenethyl Acetate<\/li>\n\n\n\n<li>Hexadecanolactone<\/li>\n\n\n\n<li>Hexamethylindanopyran<\/li>\n\n\n\n<li>Linalyl Acetate<\/li>\n\n\n\n<li>Menthol<\/li>\n\n\n\n<li>Trimethylcyclopentenyl Methylisopentenol<\/li>\n\n\n\n<li>Salicylaldehyde<\/li>\n\n\n\n<li>Santalol<\/li>\n\n\n\n<li>Sclareol<\/li>\n\n\n\n<li>Terpineol<\/li>\n\n\n\n<li>Tetramethyl acetyloctahydronaphthalenes<\/li>\n\n\n\n<li>Trimethylbenzenepropanol<\/li>\n\n\n\n<li>Vanillin<\/li>\n\n\n\n<li>Cananga Odorata Oil\/Extract<\/li>\n\n\n\n<li>Cinnamomum Cassia Leaf Oil<\/li>\n\n\n\n<li>Cinnamomum Zeylanicum Bark Oil<\/li>\n\n\n\n<li>Citrus Aurantium Flower Oil<\/li>\n\n\n\n<li>Citrus Aurantium Peel Oil<\/li>\n\n\n\n<li>Citrus Aurantium Bergamia Peel Oil<\/li>\n\n\n\n<li>Citrus Limon Peel Oil<\/li>\n\n\n\n<li>Lemongrass Oil<\/li>\n\n\n\n<li>Eucalyptus Globulus Oil<\/li>\n\n\n\n<li>Eugenia Caryophyllus Oil<\/li>\n\n\n\n<li>Jasmine Oil\/Extract<\/li>\n\n\n\n<li>Juniperus Virginiana Oil<\/li>\n\n\n\n<li>Laurus Nobilis Leaf Oil<\/li>\n\n\n\n<li>Lavandula Oil\/Extract<\/li>\n\n\n\n<li>Mentha Piperita Oil<\/li>\n\n\n\n<li>Mentha Viridis Leaf Oil<\/li>\n\n\n\n<li>Narcissus Extract<\/li>\n\n\n\n<li>Pelargonium Graveolens Flower Oil<\/li>\n\n\n\n<li>Pogostemon Cablin Oil<\/li>\n\n\n\n<li>Rose Flower Oil \/ Extract<\/li>\n\n\n\n<li>Santalum Album Oil<\/li>\n\n\n\n<li>Eugenyl Acetate<\/li>\n\n\n\n<li>Geranyl Acetate<\/li>\n\n\n\n<li>Isoeugenyl Acetate<\/li>\n\n\n\n<li>Pinene<\/li>\n<\/ul>\n\n\n\n<p>Die Europ\u00e4ische Kommission hat am 27. Juli 2023 die Verordnung 2023\/1545 erlassen, die zus\u00e4tzliche Substanzen zur INCI-Deklaration der Produkte vorschreibt. Die bevorstehende \u00c4nderung (EU) 2023\/1545 wird die Allergenliste um 56 neue Substanzen erweitern, was ihre Offenlegung erforderlich macht, wenn sie in kosmetischen Produkten in bestimmten Konzentrationen vorhanden sind.<\/p>\n\n\n\n<p>Diese Substanzen kommen haupts\u00e4chlich in Duftstoffen vor.<\/p>\n\n\n\n<p><strong>\u00dcbergangsfristen<\/strong><\/p>\n\n\n\n<p>3 Jahre bis Juli 2026 f\u00fcr Neueinf\u00fchrungen<br>5 Jahre bis 31. Juli 202028 f\u00fcr bereits im Markt befindliche Produkten <\/p>\n\n\n\n<p><\/p>\n\n\n\n<p>Quelle: European Commission. (2023).&nbsp;<a href=\"https:\/\/eur-lex.europa.eu\/legal-content\/EN\/TXT\/PDF\/?uri=OJ:JOL_2023_188_R_0001\" target=\"_blank\" rel=\"noreferrer noopener\">Commission Regulation (EU) 2023\/1545<\/a>&nbsp;of 26 July 2023 amending Regulation (EC) No 1223\/2009 of the European Parliament and of the Council as regards labelling of fragrance allergens in cosmetic product. Retrieved on 27\/07\/2023<\/p>\n\n\n\n<p><br><\/p>\n","protected":false},"excerpt":{"rendered":"<p>Die folgenden 56 Allergene sind im Rahmen der INCI-Deklaration zus\u00e4tzlich zu den bereits 25+1 Allergenen bei \u00dcberschreiten der Grenzen von zu deklarieren: Die Europ\u00e4ische Kommission hat am 27. Juli 2023 die Verordnung 2023\/1545 erlassen, die zus\u00e4tzliche Substanzen zur INCI-Deklaration der Produkte vorschreibt. Die bevorstehende \u00c4nderung (EU) 2023\/1545 wird die Allergenliste [&hellip;]<\/p>\n","protected":false},"author":1,"featured_media":0,"parent":0,"menu_order":0,"comment_status":"closed","ping_status":"closed","template":"","meta":{"footnotes":""},"yoast_head":"<!-- This site is optimized with the Yoast SEO plugin v22.2 - https:\/\/yoast.com\/wordpress\/plugins\/seo\/ -->\n<title>Allergen Deklaration neu - Komplett Service aus einer Hand - Ihre Probleml\u00f6sung startet bei uns<\/title>\n<meta name=\"robots\" content=\"index, follow, max-snippet:-1, max-image-preview:large, max-video-preview:-1\" \/>\n<link rel=\"canonical\" href=\"https:\/\/icada-gmbh.info\/?page_id=279\" \/>\n<meta property=\"og:locale\" content=\"de_DE\" \/>\n<meta property=\"og:type\" content=\"article\" \/>\n<meta property=\"og:title\" content=\"Allergen Deklaration neu - Komplett Service aus einer Hand - Ihre Probleml\u00f6sung startet bei uns\" \/>\n<meta property=\"og:description\" content=\"Die folgenden 56 Allergene sind im Rahmen der INCI-Deklaration zus\u00e4tzlich zu den bereits 25+1 Allergenen bei \u00dcberschreiten der Grenzen von zu deklarieren: Die Europ\u00e4ische Kommission hat am 27. Juli 2023 die Verordnung 2023\/1545 erlassen, die zus\u00e4tzliche Substanzen zur INCI-Deklaration der Produkte vorschreibt. Die bevorstehende \u00c4nderung (EU) 2023\/1545 wird die Allergenliste [&hellip;]\" \/>\n<meta property=\"og:url\" content=\"https:\/\/icada-gmbh.info\/?page_id=279\" \/>\n<meta property=\"og:site_name\" content=\"Komplett Service aus einer Hand - Ihre Probleml\u00f6sung startet bei uns\" \/>\n<meta property=\"article:modified_time\" content=\"2024-03-19T16:49:12+00:00\" \/>\n<meta name=\"twitter:card\" content=\"summary_large_image\" \/>\n<meta name=\"twitter:label1\" content=\"Gesch\u00e4tzte Lesezeit\" \/>\n\t<meta name=\"twitter:data1\" content=\"2 Minuten\" \/>\n<script type=\"application\/ld+json\" class=\"yoast-schema-graph\">{\"@context\":\"https:\/\/schema.org\",\"@graph\":[{\"@type\":\"WebPage\",\"@id\":\"https:\/\/icada-gmbh.info\/?page_id=279\",\"url\":\"https:\/\/icada-gmbh.info\/?page_id=279\",\"name\":\"Allergen Deklaration neu - Komplett Service aus einer Hand - Ihre Probleml\u00f6sung startet bei uns\",\"isPartOf\":{\"@id\":\"https:\/\/icada-gmbh.info\/#website\"},\"datePublished\":\"2024-03-17T14:06:37+00:00\",\"dateModified\":\"2024-03-19T16:49:12+00:00\",\"breadcrumb\":{\"@id\":\"https:\/\/icada-gmbh.info\/?page_id=279#breadcrumb\"},\"inLanguage\":\"de-DE\",\"potentialAction\":[{\"@type\":\"ReadAction\",\"target\":[\"https:\/\/icada-gmbh.info\/?page_id=279\"]}]},{\"@type\":\"BreadcrumbList\",\"@id\":\"https:\/\/icada-gmbh.info\/?page_id=279#breadcrumb\",\"itemListElement\":[{\"@type\":\"ListItem\",\"position\":1,\"name\":\"Startseite\",\"item\":\"https:\/\/icada-gmbh.info\/\"},{\"@type\":\"ListItem\",\"position\":2,\"name\":\"Allergen Deklaration neu\"}]},{\"@type\":\"WebSite\",\"@id\":\"https:\/\/icada-gmbh.info\/#website\",\"url\":\"https:\/\/icada-gmbh.info\/\",\"name\":\"International Cosmetics and Detergents Alliance\",\"description\":\"Geld sparen und vielleicht noch mehr Service bekommen als bei bekannten Verb\u00e4nden\",\"publisher\":{\"@id\":\"https:\/\/icada-gmbh.info\/#organization\"},\"alternateName\":\"ICADA\",\"potentialAction\":[{\"@type\":\"SearchAction\",\"target\":{\"@type\":\"EntryPoint\",\"urlTemplate\":\"https:\/\/icada-gmbh.info\/?s={search_term_string}\"},\"query-input\":\"required name=search_term_string\"}],\"inLanguage\":\"de-DE\"},{\"@type\":\"Organization\",\"@id\":\"https:\/\/icada-gmbh.info\/#organization\",\"name\":\"International Cosmetics and Detergents Alliance\",\"alternateName\":\"ICADA\",\"url\":\"https:\/\/icada-gmbh.info\/\",\"logo\":{\"@type\":\"ImageObject\",\"inLanguage\":\"de-DE\",\"@id\":\"https:\/\/icada-gmbh.info\/#\/schema\/logo\/image\/\",\"url\":\"https:\/\/i0.wp.com\/icada-gmbh.info\/wp-content\/uploads\/2025\/07\/cropped-final.png?fit=256%2C256&ssl=1\",\"contentUrl\":\"https:\/\/i0.wp.com\/icada-gmbh.info\/wp-content\/uploads\/2025\/07\/cropped-final.png?fit=256%2C256&ssl=1\",\"width\":256,\"height\":256,\"caption\":\"International Cosmetics and Detergents Alliance\"},\"image\":{\"@id\":\"https:\/\/icada-gmbh.info\/#\/schema\/logo\/image\/\"}}]}<\/script>\n<!-- \/ Yoast SEO plugin. -->","yoast_head_json":{"title":"Allergen Deklaration neu - Komplett Service aus einer Hand - Ihre Probleml\u00f6sung startet bei uns","robots":{"index":"index","follow":"follow","max-snippet":"max-snippet:-1","max-image-preview":"max-image-preview:large","max-video-preview":"max-video-preview:-1"},"canonical":"https:\/\/icada-gmbh.info\/?page_id=279","og_locale":"de_DE","og_type":"article","og_title":"Allergen Deklaration neu - Komplett Service aus einer Hand - Ihre Probleml\u00f6sung startet bei uns","og_description":"Die folgenden 56 Allergene sind im Rahmen der INCI-Deklaration zus\u00e4tzlich zu den bereits 25+1 Allergenen bei \u00dcberschreiten der Grenzen von zu deklarieren: Die Europ\u00e4ische Kommission hat am 27. Juli 2023 die Verordnung 2023\/1545 erlassen, die zus\u00e4tzliche Substanzen zur INCI-Deklaration der Produkte vorschreibt. Die bevorstehende \u00c4nderung (EU) 2023\/1545 wird die Allergenliste [&hellip;]","og_url":"https:\/\/icada-gmbh.info\/?page_id=279","og_site_name":"Komplett Service aus einer Hand - Ihre Probleml\u00f6sung startet bei uns","article_modified_time":"2024-03-19T16:49:12+00:00","twitter_card":"summary_large_image","twitter_misc":{"Gesch\u00e4tzte Lesezeit":"2 Minuten"},"schema":{"@context":"https:\/\/schema.org","@graph":[{"@type":"WebPage","@id":"https:\/\/icada-gmbh.info\/?page_id=279","url":"https:\/\/icada-gmbh.info\/?page_id=279","name":"Allergen Deklaration neu - Komplett Service aus einer Hand - Ihre Probleml\u00f6sung startet bei uns","isPartOf":{"@id":"https:\/\/icada-gmbh.info\/#website"},"datePublished":"2024-03-17T14:06:37+00:00","dateModified":"2024-03-19T16:49:12+00:00","breadcrumb":{"@id":"https:\/\/icada-gmbh.info\/?page_id=279#breadcrumb"},"inLanguage":"de-DE","potentialAction":[{"@type":"ReadAction","target":["https:\/\/icada-gmbh.info\/?page_id=279"]}]},{"@type":"BreadcrumbList","@id":"https:\/\/icada-gmbh.info\/?page_id=279#breadcrumb","itemListElement":[{"@type":"ListItem","position":1,"name":"Startseite","item":"https:\/\/icada-gmbh.info\/"},{"@type":"ListItem","position":2,"name":"Allergen Deklaration neu"}]},{"@type":"WebSite","@id":"https:\/\/icada-gmbh.info\/#website","url":"https:\/\/icada-gmbh.info\/","name":"International Cosmetics and Detergents Alliance","description":"Geld sparen und vielleicht noch mehr Service bekommen als bei bekannten Verb\u00e4nden","publisher":{"@id":"https:\/\/icada-gmbh.info\/#organization"},"alternateName":"ICADA","potentialAction":[{"@type":"SearchAction","target":{"@type":"EntryPoint","urlTemplate":"https:\/\/icada-gmbh.info\/?s={search_term_string}"},"query-input":"required name=search_term_string"}],"inLanguage":"de-DE"},{"@type":"Organization","@id":"https:\/\/icada-gmbh.info\/#organization","name":"International Cosmetics and Detergents Alliance","alternateName":"ICADA","url":"https:\/\/icada-gmbh.info\/","logo":{"@type":"ImageObject","inLanguage":"de-DE","@id":"https:\/\/icada-gmbh.info\/#\/schema\/logo\/image\/","url":"https:\/\/i0.wp.com\/icada-gmbh.info\/wp-content\/uploads\/2025\/07\/cropped-final.png?fit=256%2C256&ssl=1","contentUrl":"https:\/\/i0.wp.com\/icada-gmbh.info\/wp-content\/uploads\/2025\/07\/cropped-final.png?fit=256%2C256&ssl=1","width":256,"height":256,"caption":"International Cosmetics and Detergents Alliance"},"image":{"@id":"https:\/\/icada-gmbh.info\/#\/schema\/logo\/image\/"}}]}},"jetpack_sharing_enabled":true,"_links":{"self":[{"href":"https:\/\/icada-gmbh.info\/index.php?rest_route=\/wp\/v2\/pages\/279"}],"collection":[{"href":"https:\/\/icada-gmbh.info\/index.php?rest_route=\/wp\/v2\/pages"}],"about":[{"href":"https:\/\/icada-gmbh.info\/index.php?rest_route=\/wp\/v2\/types\/page"}],"author":[{"embeddable":true,"href":"https:\/\/icada-gmbh.info\/index.php?rest_route=\/wp\/v2\/users\/1"}],"replies":[{"embeddable":true,"href":"https:\/\/icada-gmbh.info\/index.php?rest_route=%2Fwp%2Fv2%2Fcomments&post=279"}],"version-history":[{"count":4,"href":"https:\/\/icada-gmbh.info\/index.php?rest_route=\/wp\/v2\/pages\/279\/revisions"}],"predecessor-version":[{"id":323,"href":"https:\/\/icada-gmbh.info\/index.php?rest_route=\/wp\/v2\/pages\/279\/revisions\/323"}],"wp:attachment":[{"href":"https:\/\/icada-gmbh.info\/index.php?rest_route=%2Fwp%2Fv2%2Fmedia&parent=279"}],"curies":[{"name":"wp","href":"https:\/\/api.w.org\/{rel}","templated":true}]}}