{"id":427,"date":"2024-04-16T09:42:19","date_gmt":"2024-04-16T09:42:19","guid":{"rendered":"https:\/\/icada-gmbh.info\/?page_id=427"},"modified":"2024-04-16T09:52:28","modified_gmt":"2024-04-16T09:52:28","slug":"aktuelle-verbote-und-regulierungen","status":"publish","type":"page","link":"https:\/\/icada-gmbh.info\/?page_id=427","title":{"rendered":"aktuelle Verbote und Regulierungen"},"content":{"rendered":"\n<p><strong><em>Warnhinweise f\u00fcr Retinol und Retinol-Derivate<\/em><\/strong><br>\u201eEnth\u00e4lt Vitamin A. Ber\u00fccksichtigen Sie Ihre t\u00e4gliche Aufnahme vor der Anwendung\u201c.\u00a0Quelle: Verordnung (EU) 2024\/996 vom 03.04.2024<\/p>\n\n\n\n<p><strong><em>Warnhinweise Zahnpasten<\/em><\/strong><br>Zahnpasten mit Triclocarban als Konservierungsmittel \u201eNicht f\u00fcr Kinder unter 6 Jahren verwenden\u201c<br>Zahnpasten mit Triclosan als Konservierungsmittel enthalten \u201eNicht f\u00fcr Kinder unter 3 Jahren verwenden\u201c. Quelle: Verordnung (EU) 2024\/996 vom 03.04.2024<\/p>\n\n\n\n<p><strong><em>Einsatzregulierung von<\/em><\/strong><br>Genistein,<br>Daidzain,\u00a0<br>Kojics\u00e4ure,<br>Vitamin A,<br>Alpha-Arbutin,<br>Arbutin,<br>Triclosan.<br><a>Quelle: <\/a><a href=\"https:\/\/eur-lex.europa.eu\/legal-content\/DE\/TXT\/?uri=CELEX:32024R0996\" target=\"_blank\" rel=\"noreferrer noopener\">Verordnung (EU) 2024\/996 vom 03.04.2024)<\/a> Beachten Sie bitte die zeitlichen Regeln zum In-Kraft-Treten <a href=\"https:\/\/t4818efee.emailsys1a.net\/c\/115\/7415918\/2112\/0\/23635715\/11528\/396009\/f37f1fd55e.html\" target=\"_blank\" rel=\"noreferrer noopener\">hier<\/a><\/p>\n\n\n\n<p><strong><em>Einsatzregulierung von Nanomaterialien<\/em><\/strong><br>Styrol-Acrylat-Copolymer, Natriumstyrol-Acrylat-Copolymer, Kupfer, kolloidales Kupfer, Hydroxyapatit, Gold, kolloidales Gold, Goldthiothylamin-Hyalurons\u00e4ure, Acetylheptapeptid-9-kolloidales Gold, Platin, kolloidales Platin, Acetyltetrapeptid-17-kolloidales Platin und kolloidales Silber in kosmetischen Mitteln. (Quelle: <strong>\u00a0<\/strong>(EU) 2024\/858 der Kommission vom 14.\u00a0M\u00e4rz 2024) <a href=\"https:\/\/t4818efee.emailsys1a.net\/c\/115\/7415918\/2112\/0\/23635715\/11528\/396010\/6195225a3c.html\" target=\"_blank\" rel=\"noreferrer noopener\"><strong>Verordnung<\/strong><\/a> hier<\/p>\n\n\n\n<p><strong><em>Das SCCS<\/em><\/strong><br>diskutiert derzeit folgende Bewertungen, die zu neuen Regulierungen f\u00fchren k\u00f6nnten:<br>1. Salicylic acid &#8211; children\u2019s exposure<br>2. Butylparaben &#8211; children\u2019s exposure<br>3. Prostaglandin and analogues: \u2018Ethyl Tafluprostamide\u2019 (DDDE) (CAS No. 1185851- 52-8, EC No. 867-521-0), Methylamido-Dihydro-Noralfaprostal (MDN) (CAS No. 155206-01-2, EC No.-) and Isopropyl Cloprostenate (IPCP) (CAS No. 157283-66-4, EC No.-) used in cosmetics products<br>4. Submission II for HC Red 18 (B124) 5. Submission II for HC Yellow 16<br>Wir halten Sie auf dem Laufenden<strong>.<\/strong><\/p>\n\n\n\n<p><strong><em>ECHA<\/em><\/strong><br>Die ATP 21 (Anpassung an technischen Stand) enth\u00e4lt in der CLP Regulation (EU) 2024\/197\u00a0unter anderem 2 Stoffe, die in der Kosmetik eingesetzt werden:<br>1. Dimethyltolyamine (CAS No:99-97-8):\u00a0its function is a nail conditioning<br>2. Trimethylbenzoyl Diphenylphosphine Oxide (CAS No:75980-60-8):\u00a0it is a skin conditioning<br>und soll zum 01.09.2025 in Kraft treten. Wir halten Sie auf dem Laufenden.<\/p>\n\n\n\n<p><strong><em>Mikroplastik<\/em><\/strong><br>Die europ\u00e4ischen Verb\u00e4nde EFFCI und CE haben einen Leitfaden in Arbeit, der im Sommer 2024 publiziert werden soll. Sie erhalten die deutsche \u00dcbersetzung von uns bei Anfrage \u00fcber das <a href=\"https:\/\/cosmetic-register.com\/kontakt\" target=\"_blank\" rel=\"noreferrer noopener\">Kontakt-Formular<\/a> hier.<\/p>\n\n\n\n<p><strong><em>Verbotener Maigl\u00f6ckchen-Duft<\/em><\/strong><br>Es wird immer noch 2-(4-tert-butylbenzyl) Propionaldehyde (BMHCA, Dufttyp Maigl\u00f6ckchen)in kosmetischen Mitteln eingesetzt, obwohl mit Verordnung (EU) 2021\/1902 seit dem 1. M\u00e4rz 2022 vom Markt verbannt wurde. (Quelle: <a href=\"https:\/\/t4818efee.emailsys1a.net\/c\/115\/7415918\/2112\/0\/23635715\/11528\/396011\/5a21f42ecb.html\" target=\"_blank\" rel=\"noreferrer noopener\">Safety Gate von 2023<\/a>)<br><br><br><strong><u>Titandioxid<\/u><\/strong><br>Bisher nicht vollst\u00e4ndig m\u00f6glicher Ausschluss von Genotoxizit\u00e4t wurde in der EU Arbeitsgruppe kosmetische Mittel im M\u00e4rz 2024 diskutiert. Wir halten Sie auf dem Laufenden.<\/p>\n\n\n\n<p><strong><em>Octocrylen<\/em><\/strong><br>Wir geben hier bereits Vorwarnung, dass Frankreich eine Europa-weite Regulierung anstrebt. Wir halten Sie auf dem Laufenden.<\/p>\n\n\n\n<p>PFAS: <strong><em>Perfluorhexans\u00e4ure (PFHxA)<\/em><\/strong><br>Von der ECHA angedachte Regelung \u201eKonzentrationslimit 25 ppb f\u00fcr die Summe an PFHxA und seine Salze oder 1000 ppb f\u00fcr die Summe an PFHxA&#8220; soll im Sommer 2024 publiziert und nach 24 Monaten wirksam werden. Wir halten Sie auf dem Laufenden<\/p>\n\n\n\n<p><br><\/p>\n\n\n\n<p><br><br><\/p>\n\n\n\n<p><br><br><\/p>\n","protected":false},"excerpt":{"rendered":"<p>Warnhinweise f\u00fcr Retinol und Retinol-Derivate\u201eEnth\u00e4lt Vitamin A. Ber\u00fccksichtigen Sie Ihre t\u00e4gliche Aufnahme vor der Anwendung\u201c.\u00a0Quelle: Verordnung (EU) 2024\/996 vom 03.04.2024 Warnhinweise ZahnpastenZahnpasten mit Triclocarban als Konservierungsmittel \u201eNicht f\u00fcr Kinder unter 6 Jahren verwenden\u201cZahnpasten mit Triclosan als Konservierungsmittel enthalten \u201eNicht f\u00fcr Kinder unter 3 Jahren verwenden\u201c. Quelle: Verordnung (EU) 2024\/996 vom [&hellip;]<\/p>\n","protected":false},"author":1,"featured_media":0,"parent":0,"menu_order":0,"comment_status":"closed","ping_status":"closed","template":"","meta":{"footnotes":""},"yoast_head":"<!-- This site is optimized with the Yoast SEO plugin v22.2 - https:\/\/yoast.com\/wordpress\/plugins\/seo\/ -->\n<title>aktuelle Verbote und Regulierungen - Komplett Service aus einer Hand - Ihre Probleml\u00f6sung startet bei uns<\/title>\n<meta name=\"robots\" content=\"index, follow, max-snippet:-1, max-image-preview:large, max-video-preview:-1\" \/>\n<link rel=\"canonical\" href=\"https:\/\/icada-gmbh.info\/?page_id=427\" \/>\n<meta property=\"og:locale\" content=\"de_DE\" \/>\n<meta property=\"og:type\" content=\"article\" \/>\n<meta property=\"og:title\" content=\"aktuelle Verbote und Regulierungen - Komplett Service aus einer Hand - Ihre Probleml\u00f6sung startet bei uns\" \/>\n<meta property=\"og:description\" content=\"Warnhinweise f\u00fcr Retinol und Retinol-Derivate\u201eEnth\u00e4lt Vitamin A. Ber\u00fccksichtigen Sie Ihre t\u00e4gliche Aufnahme vor der Anwendung\u201c.\u00a0Quelle: Verordnung (EU) 2024\/996 vom 03.04.2024 Warnhinweise ZahnpastenZahnpasten mit Triclocarban als Konservierungsmittel \u201eNicht f\u00fcr Kinder unter 6 Jahren verwenden\u201cZahnpasten mit Triclosan als Konservierungsmittel enthalten \u201eNicht f\u00fcr Kinder unter 3 Jahren verwenden\u201c. Quelle: Verordnung (EU) 2024\/996 vom [&hellip;]\" \/>\n<meta property=\"og:url\" content=\"https:\/\/icada-gmbh.info\/?page_id=427\" \/>\n<meta property=\"og:site_name\" content=\"Komplett Service aus einer Hand - Ihre Probleml\u00f6sung startet bei uns\" \/>\n<meta property=\"article:modified_time\" content=\"2024-04-16T09:52:28+00:00\" \/>\n<meta name=\"twitter:card\" content=\"summary_large_image\" \/>\n<meta name=\"twitter:label1\" content=\"Gesch\u00e4tzte Lesezeit\" \/>\n\t<meta name=\"twitter:data1\" content=\"3 Minuten\" \/>\n<script type=\"application\/ld+json\" class=\"yoast-schema-graph\">{\"@context\":\"https:\/\/schema.org\",\"@graph\":[{\"@type\":\"WebPage\",\"@id\":\"https:\/\/icada-gmbh.info\/?page_id=427\",\"url\":\"https:\/\/icada-gmbh.info\/?page_id=427\",\"name\":\"aktuelle Verbote und Regulierungen - Komplett Service aus einer Hand - Ihre Probleml\u00f6sung startet bei uns\",\"isPartOf\":{\"@id\":\"https:\/\/icada-gmbh.info\/#website\"},\"datePublished\":\"2024-04-16T09:42:19+00:00\",\"dateModified\":\"2024-04-16T09:52:28+00:00\",\"breadcrumb\":{\"@id\":\"https:\/\/icada-gmbh.info\/?page_id=427#breadcrumb\"},\"inLanguage\":\"de-DE\",\"potentialAction\":[{\"@type\":\"ReadAction\",\"target\":[\"https:\/\/icada-gmbh.info\/?page_id=427\"]}]},{\"@type\":\"BreadcrumbList\",\"@id\":\"https:\/\/icada-gmbh.info\/?page_id=427#breadcrumb\",\"itemListElement\":[{\"@type\":\"ListItem\",\"position\":1,\"name\":\"Startseite\",\"item\":\"https:\/\/icada-gmbh.info\/\"},{\"@type\":\"ListItem\",\"position\":2,\"name\":\"aktuelle Verbote und Regulierungen\"}]},{\"@type\":\"WebSite\",\"@id\":\"https:\/\/icada-gmbh.info\/#website\",\"url\":\"https:\/\/icada-gmbh.info\/\",\"name\":\"International Cosmetics and Detergents Alliance\",\"description\":\"Geld sparen und vielleicht noch mehr Service bekommen als bei bekannten Verb\u00e4nden\",\"publisher\":{\"@id\":\"https:\/\/icada-gmbh.info\/#organization\"},\"alternateName\":\"ICADA\",\"potentialAction\":[{\"@type\":\"SearchAction\",\"target\":{\"@type\":\"EntryPoint\",\"urlTemplate\":\"https:\/\/icada-gmbh.info\/?s={search_term_string}\"},\"query-input\":\"required name=search_term_string\"}],\"inLanguage\":\"de-DE\"},{\"@type\":\"Organization\",\"@id\":\"https:\/\/icada-gmbh.info\/#organization\",\"name\":\"International Cosmetics and Detergents Alliance\",\"alternateName\":\"ICADA\",\"url\":\"https:\/\/icada-gmbh.info\/\",\"logo\":{\"@type\":\"ImageObject\",\"inLanguage\":\"de-DE\",\"@id\":\"https:\/\/icada-gmbh.info\/#\/schema\/logo\/image\/\",\"url\":\"https:\/\/i0.wp.com\/icada-gmbh.info\/wp-content\/uploads\/2025\/07\/cropped-final.png?fit=256%2C256&ssl=1\",\"contentUrl\":\"https:\/\/i0.wp.com\/icada-gmbh.info\/wp-content\/uploads\/2025\/07\/cropped-final.png?fit=256%2C256&ssl=1\",\"width\":256,\"height\":256,\"caption\":\"International Cosmetics and Detergents Alliance\"},\"image\":{\"@id\":\"https:\/\/icada-gmbh.info\/#\/schema\/logo\/image\/\"}}]}<\/script>\n<!-- \/ Yoast SEO plugin. -->","yoast_head_json":{"title":"aktuelle Verbote und Regulierungen - Komplett Service aus einer Hand - Ihre Probleml\u00f6sung startet bei uns","robots":{"index":"index","follow":"follow","max-snippet":"max-snippet:-1","max-image-preview":"max-image-preview:large","max-video-preview":"max-video-preview:-1"},"canonical":"https:\/\/icada-gmbh.info\/?page_id=427","og_locale":"de_DE","og_type":"article","og_title":"aktuelle Verbote und Regulierungen - Komplett Service aus einer Hand - Ihre Probleml\u00f6sung startet bei uns","og_description":"Warnhinweise f\u00fcr Retinol und Retinol-Derivate\u201eEnth\u00e4lt Vitamin A. Ber\u00fccksichtigen Sie Ihre t\u00e4gliche Aufnahme vor der Anwendung\u201c.\u00a0Quelle: Verordnung (EU) 2024\/996 vom 03.04.2024 Warnhinweise ZahnpastenZahnpasten mit Triclocarban als Konservierungsmittel \u201eNicht f\u00fcr Kinder unter 6 Jahren verwenden\u201cZahnpasten mit Triclosan als Konservierungsmittel enthalten \u201eNicht f\u00fcr Kinder unter 3 Jahren verwenden\u201c. Quelle: Verordnung (EU) 2024\/996 vom [&hellip;]","og_url":"https:\/\/icada-gmbh.info\/?page_id=427","og_site_name":"Komplett Service aus einer Hand - Ihre Probleml\u00f6sung startet bei uns","article_modified_time":"2024-04-16T09:52:28+00:00","twitter_card":"summary_large_image","twitter_misc":{"Gesch\u00e4tzte Lesezeit":"3 Minuten"},"schema":{"@context":"https:\/\/schema.org","@graph":[{"@type":"WebPage","@id":"https:\/\/icada-gmbh.info\/?page_id=427","url":"https:\/\/icada-gmbh.info\/?page_id=427","name":"aktuelle Verbote und Regulierungen - Komplett Service aus einer Hand - Ihre Probleml\u00f6sung startet bei uns","isPartOf":{"@id":"https:\/\/icada-gmbh.info\/#website"},"datePublished":"2024-04-16T09:42:19+00:00","dateModified":"2024-04-16T09:52:28+00:00","breadcrumb":{"@id":"https:\/\/icada-gmbh.info\/?page_id=427#breadcrumb"},"inLanguage":"de-DE","potentialAction":[{"@type":"ReadAction","target":["https:\/\/icada-gmbh.info\/?page_id=427"]}]},{"@type":"BreadcrumbList","@id":"https:\/\/icada-gmbh.info\/?page_id=427#breadcrumb","itemListElement":[{"@type":"ListItem","position":1,"name":"Startseite","item":"https:\/\/icada-gmbh.info\/"},{"@type":"ListItem","position":2,"name":"aktuelle Verbote und Regulierungen"}]},{"@type":"WebSite","@id":"https:\/\/icada-gmbh.info\/#website","url":"https:\/\/icada-gmbh.info\/","name":"International Cosmetics and Detergents Alliance","description":"Geld sparen und vielleicht noch mehr Service bekommen als bei bekannten Verb\u00e4nden","publisher":{"@id":"https:\/\/icada-gmbh.info\/#organization"},"alternateName":"ICADA","potentialAction":[{"@type":"SearchAction","target":{"@type":"EntryPoint","urlTemplate":"https:\/\/icada-gmbh.info\/?s={search_term_string}"},"query-input":"required name=search_term_string"}],"inLanguage":"de-DE"},{"@type":"Organization","@id":"https:\/\/icada-gmbh.info\/#organization","name":"International Cosmetics and Detergents Alliance","alternateName":"ICADA","url":"https:\/\/icada-gmbh.info\/","logo":{"@type":"ImageObject","inLanguage":"de-DE","@id":"https:\/\/icada-gmbh.info\/#\/schema\/logo\/image\/","url":"https:\/\/i0.wp.com\/icada-gmbh.info\/wp-content\/uploads\/2025\/07\/cropped-final.png?fit=256%2C256&ssl=1","contentUrl":"https:\/\/i0.wp.com\/icada-gmbh.info\/wp-content\/uploads\/2025\/07\/cropped-final.png?fit=256%2C256&ssl=1","width":256,"height":256,"caption":"International Cosmetics and Detergents Alliance"},"image":{"@id":"https:\/\/icada-gmbh.info\/#\/schema\/logo\/image\/"}}]}},"jetpack_sharing_enabled":true,"_links":{"self":[{"href":"https:\/\/icada-gmbh.info\/index.php?rest_route=\/wp\/v2\/pages\/427"}],"collection":[{"href":"https:\/\/icada-gmbh.info\/index.php?rest_route=\/wp\/v2\/pages"}],"about":[{"href":"https:\/\/icada-gmbh.info\/index.php?rest_route=\/wp\/v2\/types\/page"}],"author":[{"embeddable":true,"href":"https:\/\/icada-gmbh.info\/index.php?rest_route=\/wp\/v2\/users\/1"}],"replies":[{"embeddable":true,"href":"https:\/\/icada-gmbh.info\/index.php?rest_route=%2Fwp%2Fv2%2Fcomments&post=427"}],"version-history":[{"count":5,"href":"https:\/\/icada-gmbh.info\/index.php?rest_route=\/wp\/v2\/pages\/427\/revisions"}],"predecessor-version":[{"id":436,"href":"https:\/\/icada-gmbh.info\/index.php?rest_route=\/wp\/v2\/pages\/427\/revisions\/436"}],"wp:attachment":[{"href":"https:\/\/icada-gmbh.info\/index.php?rest_route=%2Fwp%2Fv2%2Fmedia&parent=427"}],"curies":[{"name":"wp","href":"https:\/\/api.w.org\/{rel}","templated":true}]}}